{"id":23,"date":"2018-09-08T08:07:18","date_gmt":"2018-09-08T08:07:18","guid":{"rendered":"http:\/\/physiotherapie-karner.com\/?page_id=23"},"modified":"2025-06-30T10:29:06","modified_gmt":"2025-06-30T10:29:06","slug":"preise","status":"publish","type":"page","link":"https:\/\/physiotherapie-karner.com\/?page_id=23","title":{"rendered":"Preisliste Physiotherapie"},"content":{"rendered":"<p>Ich behandle <strong>Privatpatienten<\/strong> mit einer<strong> Verordnung<\/strong> vom Arzt. F\u00fcr Pr\u00e4ventionsbehandlung, Massage und Personal Training schreibe ich eine gesonderte Rechnung und demnach ist die Versicherungsart nebens\u00e4chlich.<\/p>\n<p>Erkundigen Sie sich bei Ihrer Krankenkasse und Beihilfe gerne im Voraus \u00fcber die Kostenerstattung. Erstattungsl\u00fccken m\u00fcssen von Ihnen selbst getragen werden.<\/p>\n<p>Pr\u00e4ventionsbehandlung 30 min, 35 \u20ac<\/p>\n<table class=\"table\">\n<thead>\n<tr>\n<th scope=\"col\">Anwendung<\/th>\n<th scope=\"col\">Dauer in Min<\/th>\n<th scope=\"col\">Preis<\/th>\n<\/tr>\n<\/thead>\n<tbody>\n<tr>\n<td>Krankengymnastik<\/td>\n<td class=\"text-right\">20<\/td>\n<td class=\"text-right\">30\u20ac<\/td>\n<\/tr>\n<tr>\n<td>Manuelle Therapie (MT)<\/td>\n<td class=\"text-right\">20<\/td>\n<td class=\"text-right\">38\u20ac<\/td>\n<\/tr>\n<tr>\n<td>Bindegewebsmassage (BGM)<\/td>\n<td class=\"text-right\">10<\/td>\n<td class=\"text-right\">15\u20ac<\/td>\n<\/tr>\n<tr>\n<td>Lymphdrainage (MLD)<\/td>\n<td class=\"text-right\">30<\/td>\n<td class=\"text-right\">35\u20ac<\/td>\n<\/tr>\n<tr>\n<td>Hei\u00dfe Rolle<\/td>\n<td class=\"text-right\">5 &#8211; 10<\/td>\n<td class=\"text-right\">14\u20ac<\/td>\n<\/tr>\n<tr>\n<td>Eistherapie<\/td>\n<td class=\"text-right\">5 &#8211; 10<\/td>\n<td class=\"text-right\">12\u20ac<\/td>\n<\/tr>\n<tr>\n<td>Klassische Massage Therapie (KMT)<\/td>\n<td class=\"text-right\">15 &#8211; 20<\/td>\n<td class=\"text-right\">25\u20ac<\/td>\n<\/tr>\n<tr>\n<td>Wellness Massage<\/td>\n<td class=\"text-right\">25-30<\/td>\n<td class=\"text-right\">35\u20ac<\/td>\n<\/tr>\n<tr>\n<td>Personal Training<\/td>\n<td class=\"text-right\">30\/60<\/td>\n<td class=\"text-right\">35\u20ac\/70\u20ac<\/td>\n<\/tr>\n<\/tbody>\n<\/table>\n<p>Kinesio Taping wird nach Gr\u00f6\u00dfe und Aufwand zwischen 5\u20ac und 20\u20ac berechnet.<\/p>\n","protected":false},"excerpt":{"rendered":"<p>Ich behandle Privatpatienten mit einer Verordnung vom Arzt. F\u00fcr Pr\u00e4ventionsbehandlung, Massage und Personal Training schreibe ich eine gesonderte Rechnung und demnach ist die Versicherungsart nebens\u00e4chlich. Erkundigen Sie sich bei Ihrer Krankenkasse und Beihilfe gerne im Voraus \u00fcber die Kostenerstattung. Erstattungsl\u00fccken m\u00fcssen von Ihnen selbst getragen werden. Pr\u00e4ventionsbehandlung 30 min, 35 \u20ac Anwendung Dauer in Min &hellip; <\/p>\n<p class=\"link-more\"><a href=\"https:\/\/physiotherapie-karner.com\/?page_id=23\" class=\"more-link\"><span class=\"screen-reader-text\">&#8222;Preisliste Physiotherapie&#8220;<\/span> weiterlesen<\/a><\/p>\n","protected":false},"author":1,"featured_media":0,"parent":0,"menu_order":0,"comment_status":"closed","ping_status":"closed","template":"","meta":{"footnotes":""},"class_list":["post-23","page","type-page","status-publish","hentry"],"_links":{"self":[{"href":"https:\/\/physiotherapie-karner.com\/index.php?rest_route=\/wp\/v2\/pages\/23","targetHints":{"allow":["GET"]}}],"collection":[{"href":"https:\/\/physiotherapie-karner.com\/index.php?rest_route=\/wp\/v2\/pages"}],"about":[{"href":"https:\/\/physiotherapie-karner.com\/index.php?rest_route=\/wp\/v2\/types\/page"}],"author":[{"embeddable":true,"href":"https:\/\/physiotherapie-karner.com\/index.php?rest_route=\/wp\/v2\/users\/1"}],"replies":[{"embeddable":true,"href":"https:\/\/physiotherapie-karner.com\/index.php?rest_route=%2Fwp%2Fv2%2Fcomments&post=23"}],"version-history":[{"count":27,"href":"https:\/\/physiotherapie-karner.com\/index.php?rest_route=\/wp\/v2\/pages\/23\/revisions"}],"predecessor-version":[{"id":171,"href":"https:\/\/physiotherapie-karner.com\/index.php?rest_route=\/wp\/v2\/pages\/23\/revisions\/171"}],"wp:attachment":[{"href":"https:\/\/physiotherapie-karner.com\/index.php?rest_route=%2Fwp%2Fv2%2Fmedia&parent=23"}],"curies":[{"name":"wp","href":"https:\/\/api.w.org\/{rel}","templated":true}]}}